{"id":1652,"date":"2020-04-02T18:59:50","date_gmt":"2020-04-02T18:59:50","guid":{"rendered":"https:\/\/pelicula.qodeinteractive.com\/?page_id=1652"},"modified":"2025-02-18T13:12:34","modified_gmt":"2025-02-18T13:12:34","slug":"films","status":"publish","type":"page","link":"https:\/\/longshot.pt\/pt\/films\/","title":{"rendered":"Filmes"},"content":{"rendered":"\t\t<div data-elementor-type=\"wp-page\" data-elementor-id=\"1652\" class=\"elementor elementor-1652\" data-elementor-post-type=\"page\">\n\t\t\t\t\t\t<section style=\"height: 600\" class=\"qodef-parallax--custom elementor-section elementor-top-section elementor-element elementor-element-4b11d10e elementor-section-full_width qodef-elementor-content-grid elementor-section-stretched imagezoom elementor-section-height-default elementor-section-height-default elementor-invisible\" data-id=\"4b11d10e\" data-element_type=\"section\" data-e-type=\"section\" data-settings=\"{&quot;stretch_section&quot;:&quot;section-stretched&quot;,&quot;motion_fx_motion_fx_scrolling&quot;:&quot;yes&quot;,&quot;animation&quot;:&quot;fadeIn&quot;,&quot;motion_fx_devices&quot;:[&quot;desktop&quot;,&quot;tablet&quot;,&quot;mobile&quot;]}\">\n\t\t\t\t\t\t\t<div class=\"elementor-background-overlay\"><\/div>\n\t\t\t\t\t\t\t<div class=\"elementor-container elementor-column-gap-no\">\n\t\t\t\t\t<div class=\"elementor-column elementor-col-100 elementor-top-column elementor-element elementor-element-7375046b\" data-id=\"7375046b\" data-element_type=\"column\" data-e-type=\"column\">\n\t\t\t<div class=\"elementor-widget-wrap elementor-element-populated\">\n\t\t\t\t\t\t<section class=\"elementor-section elementor-inner-section elementor-element elementor-element-29fe87aa elementor-section-boxed elementor-section-height-default elementor-section-height-default qodef-elementor-content-no\" data-id=\"29fe87aa\" data-element_type=\"section\" data-e-type=\"section\">\n\t\t\t\t\t\t<div class=\"elementor-container elementor-column-gap-default\">\n\t\t\t\t\t<div class=\"elementor-column elementor-col-50 elementor-inner-column elementor-element elementor-element-2e255517\" data-id=\"2e255517\" data-element_type=\"column\" data-e-type=\"column\">\n\t\t\t<div class=\"elementor-widget-wrap elementor-element-populated\">\n\t\t\t\t\t\t<div class=\"elementor-element elementor-element-711fa22 elementor-widget elementor-widget-pelicula_core_section_title\" data-id=\"711fa22\" data-element_type=\"widget\" data-e-type=\"widget\" data-no-translation=\"\" data-widget_type=\"pelicula_core_section_title.default\">\n\t\t\t\t<div class=\"elementor-widget-container\">\n\t\t\t\t\t<style>.elementor-element-711fa22{display:none !important}<\/style>\t\t\t\t<\/div>\n\t\t\t\t<\/div>\n\t\t\t\t<div class=\"elementor-element elementor-element-ad73f77 elementor-widget elementor-widget-pelicula_core_section_title\" data-id=\"ad73f77\" data-element_type=\"widget\" data-e-type=\"widget\" data-no-translation=\"\" data-widget_type=\"pelicula_core_section_title.default\">\n\t\t\t\t<div class=\"elementor-widget-container\">\n\t\t\t\t\t<div class=\"qodef-shortcode qodef-m  qodef-section-title qodef-alignment--left \" data-holder-options=\"{&quot;line-breaks&quot;:&quot;&quot;}\">\n\t\t<h6 class=\"qodef-m-tagline\" style=\"color: #A7A7A7\">\n\t\tExplore os nossos\t<\/h6>\n\t    \t<h2 class=\"qodef-m-title\" style=\"color: #FFFFFF\">\n\t\t\tFilmes\t<\/h2>\n    \t<\/div>\t\t\t\t<\/div>\n\t\t\t\t<\/div>\n\t\t\t\t\t<\/div>\n\t\t<\/div>\n\t\t\t\t<div class=\"elementor-column elementor-col-50 elementor-inner-column elementor-element elementor-element-29ed750b\" data-id=\"29ed750b\" data-element_type=\"column\" data-e-type=\"column\">\n\t\t\t<div class=\"elementor-widget-wrap elementor-element-populated\">\n\t\t\t\t\t\t<div class=\"elementor-element elementor-element-1b51de44 elementor-widget elementor-widget-text-editor\" data-id=\"1b51de44\" data-element_type=\"widget\" data-e-type=\"widget\" data-no-translation=\"\" data-widget_type=\"text-editor.default\">\n\t\t\t\t<div class=\"elementor-widget-container\">\n\t\t\t\t\t<style>.elementor-element-1b51de44{display:none !important}<\/style>\t\t\t\t<\/div>\n\t\t\t\t<\/div>\n\t\t\t\t<div class=\"elementor-element elementor-element-f618486 elementor-widget elementor-widget-text-editor\" data-id=\"f618486\" data-element_type=\"widget\" data-e-type=\"widget\" data-no-translation=\"\" data-widget_type=\"text-editor.default\">\n\t\t\t\t<div class=\"elementor-widget-container\">\n\t\t\t\t\t\t\t\t\t<p>A produtora Longshot \u00e9 uma produtora focada na cria\u00e7\u00e3o de filmes, curtas-metragens, anima\u00e7\u00f5es e document\u00e1rios. O nosso objetivo \u00e9 contar hist\u00f3rias envolventes em diferentes formatos, enfatizando a qualidade e a criatividade. Com um portf\u00f3lio diversificado, a Longshot procura conectar-se com o p\u00fablico por meio de narrativas \u00fanicas. Al\u00e9m da participa\u00e7\u00e3o em v\u00e1rios festivais internacionais de cinema, Contamos j\u00e1 com v\u00e1rios pr\u00e9mios em diferentes categorias.<\/p>\t\t\t\t\t\t\t\t<\/div>\n\t\t\t\t<\/div>\n\t\t\t\t\t<\/div>\n\t\t<\/div>\n\t\t\t\t\t<\/div>\n\t\t<\/section>\n\t\t\t\t\t<\/div>\n\t\t<\/div>\n\t\t\t\t\t<\/div>\n\t\t<\/section>\n\t\t\t\t<section class=\"elementor-section elementor-top-section elementor-element elementor-element-559abed3 elementor-section-full_width qodef-elementor-content-grid elementor-section-stretched elementor-section-height-default elementor-section-height-default\" data-id=\"559abed3\" data-element_type=\"section\" data-e-type=\"section\" data-settings=\"{&quot;stretch_section&quot;:&quot;section-stretched&quot;,&quot;background_background&quot;:&quot;classic&quot;}\">\n\t\t\t\t\t\t<div class=\"elementor-container elementor-column-gap-no\">\n\t\t\t\t\t<div class=\"elementor-column elementor-col-50 elementor-top-column elementor-element elementor-element-56f0ec03\" data-id=\"56f0ec03\" data-element_type=\"column\" data-e-type=\"column\" data-settings=\"{&quot;animation&quot;:&quot;none&quot;}\">\n\t\t\t<div class=\"elementor-widget-wrap elementor-element-populated\">\n\t\t\t\t\t\t<div class=\"elementor-element elementor-element-4c522ee6 elementor-widget elementor-widget-pelicula_core_section_title\" data-id=\"4c522ee6\" data-element_type=\"widget\" data-e-type=\"widget\" data-no-translation=\"\" data-widget_type=\"pelicula_core_section_title.default\">\n\t\t\t\t<div class=\"elementor-widget-container\">\n\t\t\t\t\t<style>.elementor-element-4c522ee6{display:none !important}<\/style>\t\t\t\t<\/div>\n\t\t\t\t<\/div>\n\t\t\t\t<div class=\"elementor-element elementor-element-af873d3 elementor-widget elementor-widget-pelicula_core_section_title\" data-id=\"af873d3\" data-element_type=\"widget\" data-e-type=\"widget\" data-no-translation=\"\" data-widget_type=\"pelicula_core_section_title.default\">\n\t\t\t\t<div class=\"elementor-widget-container\">\n\t\t\t\t\t<div class=\"qodef-shortcode qodef-m  qodef-section-title qodef-alignment--right \" data-holder-options=\"{&quot;line-breaks&quot;:&quot;&quot;}\">\n\t\t<h6 class=\"qodef-m-tagline\" style=\"color: #BABABA\">\n\t\tDocument\u00e1rio | 2019\t<\/h6>\n\t    \t<h2 class=\"qodef-m-title\" style=\"color: #FFFFFF\">\n\t\t\tLabirinto da Saudade\t<\/h2>\n    \t\t<p class=\"qodef-m-text\" >Ensaio documental narrado pelo pr\u00f3prio Eduardo Louren\u00e7o, que percorre os espa\u00e7os da sua mem\u00f3ria e da hist\u00f3ria e identidade portuguesa, em busca da resposta para o que \u00e9, afinal, ser portugu\u00eas.<\/p>\n<\/div>\t\t\t\t<\/div>\n\t\t\t\t<\/div>\n\t\t\t\t<div class=\"elementor-element elementor-element-7300c614 elementor-widget__width-auto elementor-widget elementor-widget-pelicula_core_button\" data-id=\"7300c614\" data-element_type=\"widget\" data-e-type=\"widget\" data-no-translation=\"\" data-widget_type=\"pelicula_core_button.default\">\n\t\t\t\t<div class=\"elementor-widget-container\">\n\t\t\t\t\t<style>.elementor-element-7300c614{display:none !important}<\/style>\t\t\t\t<\/div>\n\t\t\t\t<\/div>\n\t\t\t\t<div class=\"elementor-element elementor-element-b53235a elementor-widget__width-auto elementor-widget elementor-widget-pelicula_core_button\" data-id=\"b53235a\" data-element_type=\"widget\" data-e-type=\"widget\" data-no-translation=\"\" data-widget_type=\"pelicula_core_button.default\">\n\t\t\t\t<div class=\"elementor-widget-container\">\n\t\t\t\t\t<a class=\"qodef-shortcode qodef-m  qodef-button qodef-layout--outlined  qodef-html--link\" href=\"https:\/\/longshot.pt\/portfolio-item\/saudades-labyrinth\/\" target=\"_self\" data-hover-color=\"#000000\" data-hover-background-color=\"#FFFFFF\" style=\"color: #FFFFFF;border-color: #FFFFFF\">\n\t<span class=\"qodef-m-text\">Ver mais<\/span>\n<\/a>\t\t\t\t<\/div>\n\t\t\t\t<\/div>\n\t\t\t\t\t<\/div>\n\t\t<\/div>\n\t\t\t\t<div class=\"elementor-column elementor-col-50 elementor-top-column elementor-element elementor-element-77aea91f\" data-id=\"77aea91f\" data-element_type=\"column\" data-e-type=\"column\">\n\t\t\t<div class=\"elementor-widget-wrap elementor-element-populated\">\n\t\t\t\t\t\t<div class=\"elementor-element elementor-element-7cb1dfb elementor-widget elementor-widget-image\" data-id=\"7cb1dfb\" data-element_type=\"widget\" data-e-type=\"widget\" data-widget_type=\"image.default\">\n\t\t\t\t<div class=\"elementor-widget-container\">\n\t\t\t\t\t\t\t\t\t\t\t\t\t\t\t<img fetchpriority=\"high\" decoding=\"async\" width=\"768\" height=\"768\" src=\"https:\/\/longshot.pt\/wp-content\/uploads\/2020\/04\/O-Labirinto-da-Saudade-e1720696794515-768x768.png\" class=\"attachment-medium_large size-medium_large wp-image-3482\" alt=\"\" srcset=\"https:\/\/longshot.pt\/wp-content\/uploads\/2020\/04\/O-Labirinto-da-Saudade-e1720696794515-768x768.png 768w, https:\/\/longshot.pt\/wp-content\/uploads\/2020\/04\/O-Labirinto-da-Saudade-e1720696794515-300x300.png 300w, https:\/\/longshot.pt\/wp-content\/uploads\/2020\/04\/O-Labirinto-da-Saudade-e1720696794515-150x150.png 150w, https:\/\/longshot.pt\/wp-content\/uploads\/2020\/04\/O-Labirinto-da-Saudade-e1720696794515-650x650.png 650w, https:\/\/longshot.pt\/wp-content\/uploads\/2020\/04\/O-Labirinto-da-Saudade-e1720696794515-600x600.png 600w, https:\/\/longshot.pt\/wp-content\/uploads\/2020\/04\/O-Labirinto-da-Saudade-e1720696794515-100x100.png 100w, https:\/\/longshot.pt\/wp-content\/uploads\/2020\/04\/O-Labirinto-da-Saudade-e1720696794515.png 950w\" sizes=\"(max-width: 768px) 100vw, 768px\" \/>\t\t\t\t\t\t\t\t\t\t\t\t\t\t\t<\/div>\n\t\t\t\t<\/div>\n\t\t\t\t\t<\/div>\n\t\t<\/div>\n\t\t\t\t\t<\/div>\n\t\t<\/section>\n\t\t\t\t<section class=\"elementor-section elementor-top-section elementor-element elementor-element-3552b9e elementor-section-full_width qodef-elementor-content-grid elementor-section-stretched mobile-invert elementor-section-height-default elementor-section-height-default\" data-id=\"3552b9e\" data-element_type=\"section\" data-e-type=\"section\" data-settings=\"{&quot;stretch_section&quot;:&quot;section-stretched&quot;}\">\n\t\t\t\t\t\t<div class=\"elementor-container elementor-column-gap-default\">\n\t\t\t\t\t<div class=\"elementor-column elementor-col-33 elementor-top-column elementor-element elementor-element-717158a\" data-id=\"717158a\" data-element_type=\"column\" data-e-type=\"column\" data-settings=\"{&quot;animation&quot;:&quot;none&quot;}\">\n\t\t\t<div class=\"elementor-widget-wrap elementor-element-populated\">\n\t\t\t\t\t\t<div class=\"elementor-element elementor-element-9503d69 elementor-widget__width-initial elementor-widget-mobile__width-initial elementor-widget-tablet__width-initial elementor-widget elementor-widget-image\" data-id=\"9503d69\" data-element_type=\"widget\" data-e-type=\"widget\" data-widget_type=\"image.default\">\n\t\t\t\t<div class=\"elementor-widget-container\">\n\t\t\t\t\t\t\t\t\t\t\t\t\t\t\t<img decoding=\"async\" width=\"150\" height=\"150\" src=\"https:\/\/longshot.pt\/wp-content\/uploads\/2025\/02\/Screenshot-2025-02-17-at-21.38.45-1-150x150.png\" class=\"attachment-thumbnail size-thumbnail wp-image-5978\" alt=\"\" srcset=\"https:\/\/longshot.pt\/wp-content\/uploads\/2025\/02\/Screenshot-2025-02-17-at-21.38.45-1-150x150.png 150w, https:\/\/longshot.pt\/wp-content\/uploads\/2025\/02\/Screenshot-2025-02-17-at-21.38.45-1-650x650.png 650w\" sizes=\"(max-width: 150px) 100vw, 150px\" \/>\t\t\t\t\t\t\t\t\t\t\t\t\t\t\t<\/div>\n\t\t\t\t<\/div>\n\t\t\t\t\t<\/div>\n\t\t<\/div>\n\t\t\t\t<div class=\"elementor-column elementor-col-66 elementor-top-column elementor-element elementor-element-c659081\" data-id=\"c659081\" data-element_type=\"column\" data-e-type=\"column\">\n\t\t\t<div class=\"elementor-widget-wrap elementor-element-populated\">\n\t\t\t\t\t\t<div class=\"elementor-element elementor-element-d037092 elementor-widget elementor-widget-pelicula_core_section_title\" data-id=\"d037092\" data-element_type=\"widget\" data-e-type=\"widget\" data-no-translation=\"\" data-widget_type=\"pelicula_core_section_title.default\">\n\t\t\t\t<div class=\"elementor-widget-container\">\n\t\t\t\t\t<style>.elementor-element-d037092{display:none !important}<\/style>\t\t\t\t<\/div>\n\t\t\t\t<\/div>\n\t\t\t\t<div class=\"elementor-element elementor-element-83936aa elementor-widget elementor-widget-pelicula_core_section_title\" data-id=\"83936aa\" data-element_type=\"widget\" data-e-type=\"widget\" data-no-translation=\"\" data-widget_type=\"pelicula_core_section_title.default\">\n\t\t\t\t<div class=\"elementor-widget-container\">\n\t\t\t\t\t<div class=\"qodef-shortcode qodef-m  qodef-section-title qodef-alignment--left \" data-holder-options=\"{&quot;line-breaks&quot;:&quot;&quot;}\">\n\t\t<h6 class=\"qodef-m-tagline\" style=\"color: #BABABA\">\n\t\tCurta-metragem I 2012\t<\/h6>\n\t    \t<h2 class=\"qodef-m-title\" style=\"color: #FFFFFF\">\n\t\t\tQuatro Horas Descal\u00e7o\t<\/h2>\n    \t\t<p class=\"qodef-m-text\" >Numa aldeia serrana no norte de Portugal ocorreu um homic\u00eddio. Um rapaz de dezesseis anos sai de casa descal\u00e7o, sob a noite fria, em dire\u00e7\u00e3o \u00e0 floresta.<\/p>\n<\/div>\t\t\t\t<\/div>\n\t\t\t\t<\/div>\n\t\t\t\t<div class=\"elementor-element elementor-element-df49aec elementor-widget__width-auto elementor-widget elementor-widget-pelicula_core_button\" data-id=\"df49aec\" data-element_type=\"widget\" data-e-type=\"widget\" data-no-translation=\"\" data-widget_type=\"pelicula_core_button.default\">\n\t\t\t\t<div class=\"elementor-widget-container\">\n\t\t\t\t\t<style>.elementor-element-df49aec{display:none !important}<\/style>\t\t\t\t<\/div>\n\t\t\t\t<\/div>\n\t\t\t\t<div class=\"elementor-element elementor-element-5c5f4e7 elementor-widget__width-auto elementor-widget elementor-widget-pelicula_core_button\" data-id=\"5c5f4e7\" data-element_type=\"widget\" data-e-type=\"widget\" data-no-translation=\"\" data-widget_type=\"pelicula_core_button.default\">\n\t\t\t\t<div class=\"elementor-widget-container\">\n\t\t\t\t\t<a class=\"qodef-shortcode qodef-m  qodef-button qodef-layout--outlined  qodef-html--link\" href=\"https:\/\/longshot.pt\/portfolio-item\/four-hours-batefoot\/\" target=\"_self\" data-hover-color=\"#000000\" data-hover-background-color=\"#FFFFFF\" style=\"color: #FFFFFF;border-color: #FFFFFF\">\n\t<span class=\"qodef-m-text\">Ver mais<\/span>\n<\/a>\t\t\t\t<\/div>\n\t\t\t\t<\/div>\n\t\t\t\t\t<\/div>\n\t\t<\/div>\n\t\t\t\t\t<\/div>\n\t\t<\/section>\n\t\t\t\t<\/div>\n\t\t","protected":false},"excerpt":{"rendered":"<p>Browse our Films Longshot is a production company that focuses on creating films, short films, animation, and documentaries. They aim to tell engaging stories across different formats, emphasizing quality and creativity. With a diverse portfolio, Longshot seeks to connect with audiences through unique narratives and compelling visuals.In addition to participating in several film festivals, We [&hellip;]<\/p>\n","protected":false},"author":1,"featured_media":0,"parent":0,"menu_order":0,"comment_status":"closed","ping_status":"closed","template":"","meta":{"footnotes":""},"class_list":["post-1652","page","type-page","status-publish","hentry"],"yoast_head":"<!-- This site is optimized with the Yoast SEO plugin v27.4 - https:\/\/yoast.com\/product\/yoast-seo-wordpress\/ -->\n<title>Films - Longshot<\/title>\n<meta name=\"robots\" content=\"index, follow, max-snippet:-1, max-image-preview:large, max-video-preview:-1\" \/>\n<link rel=\"canonical\" href=\"https:\/\/longshot.pt\/pt\/films\/\" \/>\n<meta property=\"og:locale\" content=\"pt_PT\" \/>\n<meta property=\"og:type\" content=\"article\" \/>\n<meta property=\"og:title\" content=\"Films - Longshot\" \/>\n<meta property=\"og:description\" content=\"Browse our Films Longshot is a production company that focuses on creating films, short films, animation, and documentaries. They aim to tell engaging stories across different formats, emphasizing quality and creativity. With a diverse portfolio, Longshot seeks to connect with audiences through unique narratives and compelling visuals.In addition to participating in several film festivals, We [&hellip;]\" \/>\n<meta property=\"og:url\" content=\"https:\/\/longshot.pt\/pt\/films\/\" \/>\n<meta property=\"og:site_name\" content=\"Longshot\" \/>\n<meta property=\"article:modified_time\" content=\"2025-02-18T13:12:34+00:00\" \/>\n<meta property=\"og:image\" content=\"https:\/\/longshot.pt\/wp-content\/uploads\/2020\/04\/O-Labirinto-da-Saudade-1024x440.png\" \/>\n\t<meta property=\"og:image:width\" content=\"1024\" \/>\n\t<meta property=\"og:image:height\" content=\"440\" \/>\n\t<meta property=\"og:image:type\" content=\"image\/png\" \/>\n<meta name=\"twitter:card\" content=\"summary_large_image\" \/>\n<meta name=\"twitter:label1\" content=\"Tempo estimado de leitura\" \/>\n\t<meta name=\"twitter:data1\" content=\"2 minutos\" \/>\n<script type=\"application\/ld+json\" class=\"yoast-schema-graph\">{\"@context\":\"https:\\\/\\\/schema.org\",\"@graph\":[{\"@type\":\"WebPage\",\"@id\":\"https:\\\/\\\/longshot.pt\\\/films\\\/\",\"url\":\"https:\\\/\\\/longshot.pt\\\/films\\\/\",\"name\":\"Films - Longshot\",\"isPartOf\":{\"@id\":\"https:\\\/\\\/longshot.pt\\\/#website\"},\"primaryImageOfPage\":{\"@id\":\"https:\\\/\\\/longshot.pt\\\/films\\\/#primaryimage\"},\"image\":{\"@id\":\"https:\\\/\\\/longshot.pt\\\/films\\\/#primaryimage\"},\"thumbnailUrl\":\"https:\\\/\\\/longshot.pt\\\/wp-content\\\/uploads\\\/2020\\\/04\\\/O-Labirinto-da-Saudade-e1720696794515-768x768.png\",\"datePublished\":\"2020-04-02T18:59:50+00:00\",\"dateModified\":\"2025-02-18T13:12:34+00:00\",\"breadcrumb\":{\"@id\":\"https:\\\/\\\/longshot.pt\\\/films\\\/#breadcrumb\"},\"inLanguage\":\"pt-PT\",\"potentialAction\":[{\"@type\":\"ReadAction\",\"target\":[\"https:\\\/\\\/longshot.pt\\\/films\\\/\"]}]},{\"@type\":\"ImageObject\",\"inLanguage\":\"pt-PT\",\"@id\":\"https:\\\/\\\/longshot.pt\\\/films\\\/#primaryimage\",\"url\":\"https:\\\/\\\/longshot.pt\\\/wp-content\\\/uploads\\\/2020\\\/04\\\/O-Labirinto-da-Saudade-e1720696794515-768x768.png\",\"contentUrl\":\"https:\\\/\\\/longshot.pt\\\/wp-content\\\/uploads\\\/2020\\\/04\\\/O-Labirinto-da-Saudade-e1720696794515-768x768.png\"},{\"@type\":\"BreadcrumbList\",\"@id\":\"https:\\\/\\\/longshot.pt\\\/films\\\/#breadcrumb\",\"itemListElement\":[{\"@type\":\"ListItem\",\"position\":1,\"name\":\"Home\",\"item\":\"https:\\\/\\\/longshot.pt\\\/\"},{\"@type\":\"ListItem\",\"position\":2,\"name\":\"Films\"}]},{\"@type\":\"WebSite\",\"@id\":\"https:\\\/\\\/longshot.pt\\\/#website\",\"url\":\"https:\\\/\\\/longshot.pt\\\/\",\"name\":\"Longshot\",\"description\":\"Film, TV &amp; Web\",\"publisher\":{\"@id\":\"https:\\\/\\\/longshot.pt\\\/#organization\"},\"potentialAction\":[{\"@type\":\"SearchAction\",\"target\":{\"@type\":\"EntryPoint\",\"urlTemplate\":\"https:\\\/\\\/longshot.pt\\\/?s={search_term_string}\"},\"query-input\":{\"@type\":\"PropertyValueSpecification\",\"valueRequired\":true,\"valueName\":\"search_term_string\"}}],\"inLanguage\":\"pt-PT\"},{\"@type\":\"Organization\",\"@id\":\"https:\\\/\\\/longshot.pt\\\/#organization\",\"name\":\"Longshot\",\"url\":\"https:\\\/\\\/longshot.pt\\\/\",\"logo\":{\"@type\":\"ImageObject\",\"inLanguage\":\"pt-PT\",\"@id\":\"https:\\\/\\\/longshot.pt\\\/#\\\/schema\\\/logo\\\/image\\\/\",\"url\":\"https:\\\/\\\/longshot.pt\\\/wp-content\\\/uploads\\\/2024\\\/07\\\/Negatives_Pure_BLACK_AND-PURE_WHITE_0003_FILL_BLACK.png\",\"contentUrl\":\"https:\\\/\\\/longshot.pt\\\/wp-content\\\/uploads\\\/2024\\\/07\\\/Negatives_Pure_BLACK_AND-PURE_WHITE_0003_FILL_BLACK.png\",\"width\":1270,\"height\":1315,\"caption\":\"Longshot\"},\"image\":{\"@id\":\"https:\\\/\\\/longshot.pt\\\/#\\\/schema\\\/logo\\\/image\\\/\"}}]}<\/script>\n<!-- \/ Yoast SEO plugin. -->","yoast_head_json":{"title":"Films - Longshot","robots":{"index":"index","follow":"follow","max-snippet":"max-snippet:-1","max-image-preview":"max-image-preview:large","max-video-preview":"max-video-preview:-1"},"canonical":"https:\/\/longshot.pt\/pt\/films\/","og_locale":"pt_PT","og_type":"article","og_title":"Films - Longshot","og_description":"Browse our Films Longshot is a production company that focuses on creating films, short films, animation, and documentaries. They aim to tell engaging stories across different formats, emphasizing quality and creativity. With a diverse portfolio, Longshot seeks to connect with audiences through unique narratives and compelling visuals.In addition to participating in several film festivals, We [&hellip;]","og_url":"https:\/\/longshot.pt\/pt\/films\/","og_site_name":"Longshot","article_modified_time":"2025-02-18T13:12:34+00:00","og_image":[{"width":1024,"height":440,"url":"https:\/\/longshot.pt\/wp-content\/uploads\/2020\/04\/O-Labirinto-da-Saudade-1024x440.png","type":"image\/png"}],"twitter_card":"summary_large_image","twitter_misc":{"Tempo estimado de leitura":"2 minutos"},"schema":{"@context":"https:\/\/schema.org","@graph":[{"@type":"WebPage","@id":"https:\/\/longshot.pt\/films\/","url":"https:\/\/longshot.pt\/films\/","name":"Films - Longshot","isPartOf":{"@id":"https:\/\/longshot.pt\/#website"},"primaryImageOfPage":{"@id":"https:\/\/longshot.pt\/films\/#primaryimage"},"image":{"@id":"https:\/\/longshot.pt\/films\/#primaryimage"},"thumbnailUrl":"https:\/\/longshot.pt\/wp-content\/uploads\/2020\/04\/O-Labirinto-da-Saudade-e1720696794515-768x768.png","datePublished":"2020-04-02T18:59:50+00:00","dateModified":"2025-02-18T13:12:34+00:00","breadcrumb":{"@id":"https:\/\/longshot.pt\/films\/#breadcrumb"},"inLanguage":"pt-PT","potentialAction":[{"@type":"ReadAction","target":["https:\/\/longshot.pt\/films\/"]}]},{"@type":"ImageObject","inLanguage":"pt-PT","@id":"https:\/\/longshot.pt\/films\/#primaryimage","url":"https:\/\/longshot.pt\/wp-content\/uploads\/2020\/04\/O-Labirinto-da-Saudade-e1720696794515-768x768.png","contentUrl":"https:\/\/longshot.pt\/wp-content\/uploads\/2020\/04\/O-Labirinto-da-Saudade-e1720696794515-768x768.png"},{"@type":"BreadcrumbList","@id":"https:\/\/longshot.pt\/films\/#breadcrumb","itemListElement":[{"@type":"ListItem","position":1,"name":"Home","item":"https:\/\/longshot.pt\/"},{"@type":"ListItem","position":2,"name":"Films"}]},{"@type":"WebSite","@id":"https:\/\/longshot.pt\/#website","url":"https:\/\/longshot.pt\/","name":"Longshot","description":"Film, TV &amp; Web","publisher":{"@id":"https:\/\/longshot.pt\/#organization"},"potentialAction":[{"@type":"SearchAction","target":{"@type":"EntryPoint","urlTemplate":"https:\/\/longshot.pt\/?s={search_term_string}"},"query-input":{"@type":"PropertyValueSpecification","valueRequired":true,"valueName":"search_term_string"}}],"inLanguage":"pt-PT"},{"@type":"Organization","@id":"https:\/\/longshot.pt\/#organization","name":"Longshot","url":"https:\/\/longshot.pt\/","logo":{"@type":"ImageObject","inLanguage":"pt-PT","@id":"https:\/\/longshot.pt\/#\/schema\/logo\/image\/","url":"https:\/\/longshot.pt\/wp-content\/uploads\/2024\/07\/Negatives_Pure_BLACK_AND-PURE_WHITE_0003_FILL_BLACK.png","contentUrl":"https:\/\/longshot.pt\/wp-content\/uploads\/2024\/07\/Negatives_Pure_BLACK_AND-PURE_WHITE_0003_FILL_BLACK.png","width":1270,"height":1315,"caption":"Longshot"},"image":{"@id":"https:\/\/longshot.pt\/#\/schema\/logo\/image\/"}}]}},"_links":{"self":[{"href":"https:\/\/longshot.pt\/pt\/wp-json\/wp\/v2\/pages\/1652","targetHints":{"allow":["GET"]}}],"collection":[{"href":"https:\/\/longshot.pt\/pt\/wp-json\/wp\/v2\/pages"}],"about":[{"href":"https:\/\/longshot.pt\/pt\/wp-json\/wp\/v2\/types\/page"}],"author":[{"embeddable":true,"href":"https:\/\/longshot.pt\/pt\/wp-json\/wp\/v2\/users\/1"}],"replies":[{"embeddable":true,"href":"https:\/\/longshot.pt\/pt\/wp-json\/wp\/v2\/comments?post=1652"}],"version-history":[{"count":158,"href":"https:\/\/longshot.pt\/pt\/wp-json\/wp\/v2\/pages\/1652\/revisions"}],"predecessor-version":[{"id":6043,"href":"https:\/\/longshot.pt\/pt\/wp-json\/wp\/v2\/pages\/1652\/revisions\/6043"}],"wp:attachment":[{"href":"https:\/\/longshot.pt\/pt\/wp-json\/wp\/v2\/media?parent=1652"}],"curies":[{"name":"wp","href":"https:\/\/api.w.org\/{rel}","templated":true}]}}